{"id":7,"date":"2025-10-29T08:21:04","date_gmt":"2025-10-29T08:21:04","guid":{"rendered":"https:\/\/ganaderagarlo.es\/?page_id=7"},"modified":"2025-11-03T12:16:04","modified_gmt":"2025-11-03T12:16:04","slug":"accesibilidad","status":"publish","type":"page","link":"https:\/\/ganaderagarlo.es\/?page_id=7","title":{"rendered":"Accesibilidad"},"content":{"rendered":"\t\t<div data-elementor-type=\"wp-page\" data-elementor-id=\"7\" class=\"elementor elementor-7\" data-elementor-post-type=\"page\">\n\t\t\t\t<div class=\"elementor-element elementor-element-30baaf98 e-flex e-con-boxed e-con e-parent\" data-id=\"30baaf98\" data-element_type=\"container\">\n\t\t\t\t\t<div class=\"e-con-inner\">\n\t\t\t\t<div class=\"elementor-element elementor-element-26bb574c elementor-widget elementor-widget-text-editor\" data-id=\"26bb574c\" data-element_type=\"widget\" data-widget_type=\"text-editor.default\">\n\t\t\t\t\t\t\t\t\t<p><strong>Declaraci\u00f3n de Accesibilidad de <a href=\"https:\/\/ganaderagarlo.es\/\">https:\/\/ganaderagarlo.es\/<\/a><\/strong>\u00a0est\u00e1 comprometida con la accesibilidad de su sitio web. Esto se realiza en conformidad con el Real Decreto 1112\/2018 del 7 de septiembre, sobre la accesibilidad de los sitios web y aplicaciones m\u00f3viles del sector p\u00fablico. Este decreto adapta la Directiva (UE) 2016\/2102 a la legislaci\u00f3n espa\u00f1ola.<\/p><p><strong>Estado de Conformidad<\/strong><\/p><p>Este sitio web cumple parcialmente con el Real Decreto 1112\/2018 debido a algunas excepciones y faltas de conformidad que se detallan a continuaci\u00f3n.<\/p><p><strong>Contenido No Accesible<\/strong><\/p><p>Algunos contenidos no cumplen con los requisitos de accesibilidad por las siguientes razones:<\/p><p><strong>Incumplimientos del RD 1112\/2018<\/strong><\/p><ul><li>Debido a la automatizaci\u00f3n en algunas publicaciones, puede haber problemas con el anidamiento incorrecto de etiquetas HTML.<\/li><li>Algunos documentos en formato PDF no cumplen con los est\u00e1ndares de accesibilidad, aunque se han proporcionado versiones alternativas en HTML que s\u00ed cumplen con la normativa.<\/li><li>Puede haber errores puntuales de edici\u00f3n en ciertas p\u00e1ginas del sitio web.<\/li><\/ul><p><strong>Contenido fuera del \u00c1mbito de la Legislaci\u00f3n Aplicable<\/strong><\/p><ul><li>Documentos ofim\u00e1ticos en PDF u otros formatos, y aplicaciones publicadas antes del 20 de septiembre de 2018, que no cumplen con todos los requisitos de accesibilidad.<\/li><li>Contenido multimedia en directo.<\/li><li>Contenidos multimedia pregrabados, como sesiones plenarias y ruedas de prensa, o que fueron publicados antes de la entrada en vigor del Real Decreto.<\/li><li>Servicios de mapas y cartograf\u00eda en l\u00ednea.<\/li><\/ul><p><strong>Preparaci\u00f3n de la Declaraci\u00f3n de Accesibilidad<\/strong><\/p><p>Esta declaraci\u00f3n fue preparada el 28 de octubre de 2019, basada en los informes del Observatorio de Accesibilidad Web. La \u00faltima revisi\u00f3n se realiz\u00f3 el 29 de septiembre de 2020.<\/p><p><strong>Observaciones y Contacto<\/strong><\/p><p>Si desea hacer comentarios sobre la accesibilidad del sitio web (art\u00edculo 10.2 del RD 1112\/2018), puede:<\/p><ul><li>Informarnos sobre cualquier posible incumplimiento de accesibilidad.<\/li><li>Comunicar cualquier dificultad para acceder al contenido.<\/li><li>Hacer consultas o sugerencias para mejorar la accesibilidad del sitio web.<\/li><\/ul><p>Para contactarnos, utilice el formulario disponible en este sitio web en el siguiente enlace: <a href=\"https:\/\/ganaderagarlo.es\/contacto\/\">formulario de contacto<\/a>. Su comunicaci\u00f3n ser\u00e1 recibida y atendida por nuestro equipo.<\/p><p><strong>Caracter\u00edsticas Opcionales<\/strong><\/p><p>Este sitio web est\u00e1 creado por la <a href=\"https:\/\/webskill.es\/\">empresa:<\/a><\/p><ul><li>Ha sido dise\u00f1ado conforme a los est\u00e1ndares y normativas vigentes de accesibilidad, cumpliendo con los puntos de verificaci\u00f3n de prioridad 2 (AA) de las Pautas de Accesibilidad al Contenido en la Web (WCAG 2.1).<\/li><li>Cumple con los requisitos de la Norma UNE-EN 301549 v1.1.2:2015, con las excepciones especificadas en el Real Decreto 1112\/2018.<\/li><li>Est\u00e1 optimizado para una correcta visualizaci\u00f3n en dispositivos de escritorio, tablet y m\u00f3viles, con una resoluci\u00f3n m\u00ednima de 1280&#215;1024.<\/li><li>Utiliza HTML5 como lenguaje de marcado y CSS3 para el dise\u00f1o, garantizando la compatibilidad y el rendimiento \u00f3ptimo en todos los dispositivos.<\/li><li>Funciona con JavaScript no intrusivo y proporciona alternativas cuando el navegador no soporta JavaScript.<\/li><\/ul>\t\t\t\t\t\t\t\t<\/div>\n\t\t\t\t\t<\/div>\n\t\t\t\t<\/div>\n\t\t\t\t<\/div>\n\t\t","protected":false},"excerpt":{"rendered":"<p>Declaraci\u00f3n de Accesibilidad de https:\/\/ganaderagarlo.es\/\u00a0est\u00e1 comprometida con la accesibilidad de su sitio web. Esto se realiza en conformidad con el Real Decreto 1112\/2018 del 7 de septiembre, sobre la accesibilidad de los sitios web y aplicaciones m\u00f3viles del sector p\u00fablico. Este decreto adapta la Directiva (UE) 2016\/2102 a la legislaci\u00f3n espa\u00f1ola. Estado de Conformidad Este [&hellip;]<\/p>\n","protected":false},"author":1,"featured_media":0,"parent":0,"menu_order":0,"comment_status":"closed","ping_status":"closed","template":"elementor_header_footer","meta":{"footnotes":""},"class_list":["post-7","page","type-page","status-publish","hentry"],"yoast_head":"<!-- This site is optimized with the Yoast SEO plugin v26.2 - https:\/\/yoast.com\/wordpress\/plugins\/seo\/ -->\n<title>Accesibilidad - ganaderagarlo<\/title>\n<meta name=\"robots\" content=\"index, follow, max-snippet:-1, max-image-preview:large, max-video-preview:-1\" \/>\n<link rel=\"canonical\" href=\"https:\/\/ganaderagarlo.es\/?page_id=7\" \/>\n<meta property=\"og:locale\" content=\"es_ES\" \/>\n<meta property=\"og:type\" content=\"article\" \/>\n<meta property=\"og:title\" content=\"Accesibilidad - ganaderagarlo\" \/>\n<meta property=\"og:description\" content=\"Declaraci\u00f3n de Accesibilidad de https:\/\/ganaderagarlo.es\/\u00a0est\u00e1 comprometida con la accesibilidad de su sitio web. Esto se realiza en conformidad con el Real Decreto 1112\/2018 del 7 de septiembre, sobre la accesibilidad de los sitios web y aplicaciones m\u00f3viles del sector p\u00fablico. Este decreto adapta la Directiva (UE) 2016\/2102 a la legislaci\u00f3n espa\u00f1ola. Estado de Conformidad Este [&hellip;]\" \/>\n<meta property=\"og:url\" content=\"https:\/\/ganaderagarlo.es\/?page_id=7\" \/>\n<meta property=\"og:site_name\" content=\"ganaderagarlo\" \/>\n<meta property=\"article:modified_time\" content=\"2025-11-03T12:16:04+00:00\" \/>\n<meta name=\"twitter:card\" content=\"summary_large_image\" \/>\n<meta name=\"twitter:label1\" content=\"Tiempo de lectura\" \/>\n\t<meta name=\"twitter:data1\" content=\"3 minutos\" \/>\n<script type=\"application\/ld+json\" class=\"yoast-schema-graph\">{\"@context\":\"https:\/\/schema.org\",\"@graph\":[{\"@type\":\"WebPage\",\"@id\":\"https:\/\/ganaderagarlo.es\/?page_id=7\",\"url\":\"https:\/\/ganaderagarlo.es\/?page_id=7\",\"name\":\"Accesibilidad - ganaderagarlo\",\"isPartOf\":{\"@id\":\"https:\/\/ganaderagarlo.es\/#website\"},\"datePublished\":\"2025-10-29T08:21:04+00:00\",\"dateModified\":\"2025-11-03T12:16:04+00:00\",\"breadcrumb\":{\"@id\":\"https:\/\/ganaderagarlo.es\/?page_id=7#breadcrumb\"},\"inLanguage\":\"es\",\"potentialAction\":[{\"@type\":\"ReadAction\",\"target\":[\"https:\/\/ganaderagarlo.es\/?page_id=7\"]}]},{\"@type\":\"BreadcrumbList\",\"@id\":\"https:\/\/ganaderagarlo.es\/?page_id=7#breadcrumb\",\"itemListElement\":[{\"@type\":\"ListItem\",\"position\":1,\"name\":\"Portada\",\"item\":\"https:\/\/ganaderagarlo.es\/\"},{\"@type\":\"ListItem\",\"position\":2,\"name\":\"Accesibilidad\"}]},{\"@type\":\"WebSite\",\"@id\":\"https:\/\/ganaderagarlo.es\/#website\",\"url\":\"https:\/\/ganaderagarlo.es\/\",\"name\":\"ganaderagarlo\",\"description\":\"\",\"publisher\":{\"@id\":\"https:\/\/ganaderagarlo.es\/#organization\"},\"potentialAction\":[{\"@type\":\"SearchAction\",\"target\":{\"@type\":\"EntryPoint\",\"urlTemplate\":\"https:\/\/ganaderagarlo.es\/?s={search_term_string}\"},\"query-input\":{\"@type\":\"PropertyValueSpecification\",\"valueRequired\":true,\"valueName\":\"search_term_string\"}}],\"inLanguage\":\"es\"},{\"@type\":\"Organization\",\"@id\":\"https:\/\/ganaderagarlo.es\/#organization\",\"name\":\"ganaderagarlo\",\"url\":\"https:\/\/ganaderagarlo.es\/\",\"logo\":{\"@type\":\"ImageObject\",\"inLanguage\":\"es\",\"@id\":\"https:\/\/ganaderagarlo.es\/#\/schema\/logo\/image\/\",\"url\":\"https:\/\/ganaderagarlo.es\/wp-content\/uploads\/2025\/10\/png_a5c5e0202c624c03a65edc9e0bbb119f-1.png\",\"contentUrl\":\"https:\/\/ganaderagarlo.es\/wp-content\/uploads\/2025\/10\/png_a5c5e0202c624c03a65edc9e0bbb119f-1.png\",\"width\":2363,\"height\":2363,\"caption\":\"ganaderagarlo\"},\"image\":{\"@id\":\"https:\/\/ganaderagarlo.es\/#\/schema\/logo\/image\/\"}}]}<\/script>\n<!-- \/ Yoast SEO plugin. -->","yoast_head_json":{"title":"Accesibilidad - ganaderagarlo","robots":{"index":"index","follow":"follow","max-snippet":"max-snippet:-1","max-image-preview":"max-image-preview:large","max-video-preview":"max-video-preview:-1"},"canonical":"https:\/\/ganaderagarlo.es\/?page_id=7","og_locale":"es_ES","og_type":"article","og_title":"Accesibilidad - ganaderagarlo","og_description":"Declaraci\u00f3n de Accesibilidad de https:\/\/ganaderagarlo.es\/\u00a0est\u00e1 comprometida con la accesibilidad de su sitio web. Esto se realiza en conformidad con el Real Decreto 1112\/2018 del 7 de septiembre, sobre la accesibilidad de los sitios web y aplicaciones m\u00f3viles del sector p\u00fablico. Este decreto adapta la Directiva (UE) 2016\/2102 a la legislaci\u00f3n espa\u00f1ola. Estado de Conformidad Este [&hellip;]","og_url":"https:\/\/ganaderagarlo.es\/?page_id=7","og_site_name":"ganaderagarlo","article_modified_time":"2025-11-03T12:16:04+00:00","twitter_card":"summary_large_image","twitter_misc":{"Tiempo de lectura":"3 minutos"},"schema":{"@context":"https:\/\/schema.org","@graph":[{"@type":"WebPage","@id":"https:\/\/ganaderagarlo.es\/?page_id=7","url":"https:\/\/ganaderagarlo.es\/?page_id=7","name":"Accesibilidad - ganaderagarlo","isPartOf":{"@id":"https:\/\/ganaderagarlo.es\/#website"},"datePublished":"2025-10-29T08:21:04+00:00","dateModified":"2025-11-03T12:16:04+00:00","breadcrumb":{"@id":"https:\/\/ganaderagarlo.es\/?page_id=7#breadcrumb"},"inLanguage":"es","potentialAction":[{"@type":"ReadAction","target":["https:\/\/ganaderagarlo.es\/?page_id=7"]}]},{"@type":"BreadcrumbList","@id":"https:\/\/ganaderagarlo.es\/?page_id=7#breadcrumb","itemListElement":[{"@type":"ListItem","position":1,"name":"Portada","item":"https:\/\/ganaderagarlo.es\/"},{"@type":"ListItem","position":2,"name":"Accesibilidad"}]},{"@type":"WebSite","@id":"https:\/\/ganaderagarlo.es\/#website","url":"https:\/\/ganaderagarlo.es\/","name":"ganaderagarlo","description":"","publisher":{"@id":"https:\/\/ganaderagarlo.es\/#organization"},"potentialAction":[{"@type":"SearchAction","target":{"@type":"EntryPoint","urlTemplate":"https:\/\/ganaderagarlo.es\/?s={search_term_string}"},"query-input":{"@type":"PropertyValueSpecification","valueRequired":true,"valueName":"search_term_string"}}],"inLanguage":"es"},{"@type":"Organization","@id":"https:\/\/ganaderagarlo.es\/#organization","name":"ganaderagarlo","url":"https:\/\/ganaderagarlo.es\/","logo":{"@type":"ImageObject","inLanguage":"es","@id":"https:\/\/ganaderagarlo.es\/#\/schema\/logo\/image\/","url":"https:\/\/ganaderagarlo.es\/wp-content\/uploads\/2025\/10\/png_a5c5e0202c624c03a65edc9e0bbb119f-1.png","contentUrl":"https:\/\/ganaderagarlo.es\/wp-content\/uploads\/2025\/10\/png_a5c5e0202c624c03a65edc9e0bbb119f-1.png","width":2363,"height":2363,"caption":"ganaderagarlo"},"image":{"@id":"https:\/\/ganaderagarlo.es\/#\/schema\/logo\/image\/"}}]}},"_links":{"self":[{"href":"https:\/\/ganaderagarlo.es\/index.php?rest_route=\/wp\/v2\/pages\/7","targetHints":{"allow":["GET"]}}],"collection":[{"href":"https:\/\/ganaderagarlo.es\/index.php?rest_route=\/wp\/v2\/pages"}],"about":[{"href":"https:\/\/ganaderagarlo.es\/index.php?rest_route=\/wp\/v2\/types\/page"}],"author":[{"embeddable":true,"href":"https:\/\/ganaderagarlo.es\/index.php?rest_route=\/wp\/v2\/users\/1"}],"replies":[{"embeddable":true,"href":"https:\/\/ganaderagarlo.es\/index.php?rest_route=%2Fwp%2Fv2%2Fcomments&post=7"}],"version-history":[{"count":3,"href":"https:\/\/ganaderagarlo.es\/index.php?rest_route=\/wp\/v2\/pages\/7\/revisions"}],"predecessor-version":[{"id":544,"href":"https:\/\/ganaderagarlo.es\/index.php?rest_route=\/wp\/v2\/pages\/7\/revisions\/544"}],"wp:attachment":[{"href":"https:\/\/ganaderagarlo.es\/index.php?rest_route=%2Fwp%2Fv2%2Fmedia&parent=7"}],"curies":[{"name":"wp","href":"https:\/\/api.w.org\/{rel}","templated":true}]}}