{"id":9,"date":"2025-10-29T08:21:04","date_gmt":"2025-10-29T08:21:04","guid":{"rendered":"https:\/\/ganaderagarlo.es\/?page_id=9"},"modified":"2025-11-03T12:20:05","modified_gmt":"2025-11-03T12:20:05","slug":"politica-de-cookies","status":"publish","type":"page","link":"https:\/\/ganaderagarlo.es\/?page_id=9","title":{"rendered":"Pol\u00edtica de Cookies"},"content":{"rendered":"\t\t<div data-elementor-type=\"wp-page\" data-elementor-id=\"9\" class=\"elementor elementor-9\" data-elementor-post-type=\"page\">\n\t\t\t\t<div class=\"elementor-element elementor-element-121ca28e e-flex e-con-boxed e-con e-parent\" data-id=\"121ca28e\" data-element_type=\"container\">\n\t\t\t\t\t<div class=\"e-con-inner\">\n\t\t\t\t<div class=\"elementor-element elementor-element-27d23c34 elementor-widget elementor-widget-text-editor\" data-id=\"27d23c34\" data-element_type=\"widget\" data-widget_type=\"text-editor.default\">\n\t\t\t\t\t\t\t\t\t<h2>POL\u00cdTICA DE COOKIES ANAL\u00cdTICAS + PUBLICIDAD COMPORTAMENTAL<\/h2><p>\u00a0<\/p><p><strong>INFORMACI\u00d3N SOBRE COOKIES<\/strong><\/p><p>Las <em>cookies <\/em>y otras tecnolog\u00edas similares tales como local shared objects, flash <em>cookies <\/em>o p\u00edxeles, son herramientas empleadas por los servidores Web para almacenar y recuperar informaci\u00f3n acerca de sus visitantes, as\u00ed como para ofrecer un correcto funcionamiento del sitio.<\/p><p>Mediante el uso de estos dispositivos se permite al servidor Web recordar algunos datos concernientes al usuario, como sus preferencias para la visualizaci\u00f3n de las p\u00e1ginas de ese servidor, nombre y contrase\u00f1a, productos que m\u00e1s le interesan, etc.<\/p><p><strong>COOKIES AFECTADAS POR LA NORMATIVA Y COOKIES EXCEPTUADAS<\/strong><\/p><p>Conforme con la Ley 34\/2002, de 11 de julio, de servicios de la sociedad de la informaci\u00f3n y de comercio electr\u00f3nico (LSSI), en relaci\u00f3n con el Reglamento (UE) 2016\/679 del Parlamento Europeo y del Consejo, de 27 de abril de 2016, General de Protecci\u00f3n de Datos (RGPD) y la Ley Org\u00e1nica 3\/2018, de 5 de diciembre, de Protecci\u00f3n de Datos y Garant\u00eda de los Derechos Digitales (LOPDGDD), es obligado obtener el consentimiento expreso del usuario de todas las p\u00e1ginas web que usan cookies prescindibles, antes de que este navegue por ellas. <br \/><br \/>Seg\u00fan la directiva de la UE, las <em>cookies <\/em>que requieren el consentimiento informado por parte del usuario son las <em>cookies <\/em>de anal\u00edtica y las de publicidad y afiliaci\u00f3n, quedando exceptuadas las de car\u00e1cter t\u00e9cnico y las necesarias para el funcionamiento del sitio web o la prestaci\u00f3n de servicios expresamente solicitados por el usuario.<\/p><p>\u00a0<\/p><p><strong>TIPOS DE COOKIES<\/strong><\/p><p><strong>SEG\u00daN LA FINALIDAD<\/strong><\/p><ul><li><em><strong>Cookies <\/strong><\/em><strong>t\u00e9cnicas y funcionales<\/strong>: son aquellas que permiten al usuario la navegaci\u00f3n a trav\u00e9s de una p\u00e1gina web, plataforma o aplicaci\u00f3n y la utilizaci\u00f3n de las diferentes opciones o servicios que en ella existan<em>.<\/em><\/li><li><em><strong>Cookies <\/strong><\/em><strong>anal\u00edticas<\/strong>: son aquellas que permiten al responsable de las mismas el seguimiento y an\u00e1lisis del comportamiento de los usuarios de los sitios web a los que est\u00e1n vinculadas. La informaci\u00f3n recogida mediante este tipo de <em>cookies<\/em> se utiliza en la medici\u00f3n de la actividad de los sitios web, aplicaci\u00f3n o plataforma y para la elaboraci\u00f3n de perfiles de navegaci\u00f3n de los usuarios de dichos sitios, aplicaciones y plataformas, con el fin de introducir mejoras en funci\u00f3n del an\u00e1lisis de los datos de uso que hacen los usuarios del servicio.<\/li><li><em><strong>Cookies<\/strong><\/em> <strong>publicitarias:<\/strong> son aquellas que permiten la gesti\u00f3n, de la forma m\u00e1s eficaz posible, de los espacios publicitarios que, en su caso, el editor haya incluido en una p\u00e1gina web, aplicaci\u00f3n o plataforma desde la que presta el servicio solicitado en base a criterios como el contenido editado o la frecuencia en la que se muestran los anuncios.<\/li><li><em><strong>Cookies <\/strong><\/em><strong>de publicidad comportamental<\/strong>: recogen informaci\u00f3n sobre las preferencias y elecciones personales del usuario (<em>retargeting<\/em>) para permitir la gesti\u00f3n, de la forma m\u00e1s eficaz posible, de los espacios publicitarios que, en su caso, el editor haya incluido en una p\u00e1gina web, aplicaci\u00f3n o plataforma desde la que presta el servicio solicitado.<\/li><\/ul><p><br \/><strong>SEG\u00daN LA PROPIEDAD<\/strong><\/p><ul><li><em><strong>Cookies<\/strong><\/em><strong> propias<\/strong>: son aquellas que se env\u00edan al equipo terminal del usuario desde un equipo o dominio gestionado por el propio editor y desde el que se presta el servicio solicitado por el usuario.<\/li><li><em><strong>Cookies<\/strong><\/em> <strong>de terceros:<\/strong> son aquellas que se env\u00edan al equipo terminal del usuario desde un equipo o dominio que no es gestionado por el editor, sino por otra entidad que trata los datos obtenidos trav\u00e9s de las cookies.<\/li><\/ul><p><br \/><strong>SEG\u00daN EL PLAZO DE CONSERVACI\u00d3N<\/strong><\/p><ul><li><em><strong>Cookies<\/strong><\/em><strong> de sesi\u00f3n:<\/strong> son un tipo de <em>cookies<\/em> dise\u00f1adas para recabar y almacenar datos mientras el usuario accede a una p\u00e1gina web.<\/li><li><em><strong>Cookies<\/strong><\/em><strong> persistentes:<\/strong> son un tipo de cookies en el que los datos siguen almacenados en el terminal y pueden ser accedidos y tratados durante un per\u00edodo definido por el responsable de la <em>cookie<\/em>, y que puede ir de unos minutos a varios a\u00f1os.<\/li><\/ul><p><br \/><strong>TRATAMIENTO DE DATOS PERSONALES<\/strong><\/p><p>GANADERA GARLO, SL es el <strong>Responsable del tratamiento<\/strong> de los datos personales del <strong>Interesado <\/strong>y le informa de que estos datos ser\u00e1n tratados de conformidad con lo dispuesto en el Reglamento (UE) 2016\/679, de 27 de abril de 2016 (RGPD), por lo que se le facilita la siguiente informaci\u00f3n del tratamiento:<\/p><p><strong>Fines del tratamiento: <\/strong>seg\u00fan se especifica en el apartado de <em>cookies <\/em>que se utilizan en este sitio web.<\/p><p><strong>Legitimaci\u00f3n del tratamiento<\/strong>: por consentimiento del interesado (art. 6.1.a RGPD).<\/p><p><strong>Criterios de conservaci\u00f3n de los datos<\/strong>: seg\u00fan se especifica en el apartado de <em>cookies <\/em>utilizadas en la web.<\/p><p><strong>Comunicaci\u00f3n de los datos<\/strong>: no se comunicar\u00e1n los datos a terceros, excepto en cookies propiedad de terceros o por obligaci\u00f3n legal.<\/p><p><strong>Derechos que asisten al Interesado<\/strong>:<\/p><p>&#8211; Derecho a retirar el consentimiento en cualquier momento.<br \/>&#8211; Derecho de acceso, rectificaci\u00f3n, portabilidad y supresi\u00f3n de sus datos y a la limitaci\u00f3n u oposici\u00f3n a su tratamiento.<br \/>&#8211; Derecho a presentar una reclamaci\u00f3n ante la Autoridad de control (www.aepd.es) si considera que el tratamiento no se ajusta a la normativa vigente.<\/p><p><strong>Datos de contacto para ejercer sus derechos:<\/strong><\/p><p>GANADERA GARLO, SL. Avenida El Robledal, 22, &#8211; 28810 Villalbilla (Madrid). E-mail: agarcia@ganaderagarlo.com<br \/><br \/><br \/><\/p><p><strong>COOKIES UTILIZADAS EN ESTE SITIO WEB<\/strong><\/p><table width=\"100%\"><tbody><tr><td width=\"100%\"><p><strong>PANEL DE CONFIGURACI\u00d3N<\/strong><\/p><\/td><\/tr><tr><td width=\"100%\"><p><strong>COOKIES ANAL\u00cdTICAS<\/strong><br \/><strong>O<\/strong> Marcar o desmarcar seg\u00fan se desee aceptar o rechazar la instalaci\u00f3n de estas cookies.<\/p><\/td><\/tr><\/tbody><\/table><p>\u00a0<\/p><table width=\"100%\"><tbody><tr><td width=\"5%\"><p>NOMBRE<\/p><\/td><td width=\"10\"><p>TIPO<\/p><\/td><td width=\"10%\"><p>PROPIEDAD<\/p><\/td><td width=\"55%\"><p>FINALIDAD<\/p><\/td><td width=\"10%\"><p>PLAZO<\/p><\/td><td width=\"15%\"><p>OBSERVACIONES<\/p><\/td><\/tr><tr><td width=\"5%\"><p><strong>_ga<\/strong><\/p><\/td><td width=\"10\"><p>Anal\u00edtica<\/p><\/td><td width=\"10%\"><p>Google Analytics<\/p><\/td><td width=\"55%\"><p>Habilita la funci\u00f3n de control de visitas \u00fanicas. La primera vez que un usuario entre en el sitio web a trav\u00e9s de un navegador se instalar\u00e1 esta <em>cookie<\/em>. Cuando este usuario vuelva a entrar en la web con el mismo navegador, la <em>cookie <\/em>considerar\u00e1 que es el mismo usuario. Solo en el caso de que el usuario cambie de navegador, se considerar\u00e1 otro usuario<\/p><\/td><td width=\"10%\"><p>2 a\u00f1os<\/p><\/td><td width=\"15%\"><p>Persistente<\/p><\/td><\/tr><tr><td width=\"5%\"><p>_<strong>gat<\/strong><\/p><\/td><td width=\"10\"><p>Anal\u00edtica<\/p><\/td><td width=\"10%\"><p>Google Analytics<\/p><\/td><td width=\"55%\"><p>Se utiliza para limitar la velocidad de petici\u00f3n &#8211; la limitaci\u00f3n de la recogida de datos en los sitios de alto tr\u00e1fico<\/p><\/td><td width=\"10%\"><p>10 minutos<\/p><\/td><td width=\"15%\"><p>Sesi\u00f3n<\/p><\/td><\/tr><tr><td width=\"5%\"><p><strong>_gid<\/strong><\/p><\/td><td width=\"10\"><p>Anal\u00edtica<\/p><\/td><td width=\"10%\"><p>Google Analytics<\/p><\/td><td width=\"55%\"><p>Se utiliza para distinguir a los usuarios<\/p><\/td><td width=\"10%\"><p>24 horas<\/p><\/td><td width=\"15%\"><p>Sesi\u00f3n<\/p><\/td><\/tr><\/tbody><\/table><p>\u00a0<\/p><p>\u00a0<\/p><p>Obtener m\u00e1s informaci\u00f3n para <strong>deshabilitar las <\/strong><em><strong>cookies<\/strong><\/em> de Google Analytics:<\/p><ul><li><a href=\"https:\/\/policies.google.com\/technologies\/managing\">Pol\u00edtica de privacidad de <\/a><a href=\"https:\/\/tools.google.com\/dlpage\/gaoptout\">Google<\/a><\/li><li><a href=\"https:\/\/support.google.com\/analytics\/answer\/181881?hl=es\">Exclusi\u00f3n de Google Analytics<\/a><\/li><\/ul><table width=\"100%\"><tbody><tr><td width=\"100%\"><p><strong>PANEL DE CONFIGURACI\u00d3N<\/strong><\/p><\/td><\/tr><tr><td width=\"100%\"><p><strong>COOKIES DE PUBLICIDAD COMPORTAMENTAL<\/strong><br \/><strong>O<\/strong> Marcar o desmarcar seg\u00fan se desee aceptar o rechazar la instalaci\u00f3n de estas cookies.<\/p><\/td><\/tr><\/tbody><\/table><p>\u00a0<\/p><table width=\"100%\"><tbody><tr><td width=\"5%\"><p>NOMBRE<\/p><\/td><td width=\"10%\"><p>TIPO<\/p><\/td><td width=\"10%\"><p>PROPIEDAD<\/p><\/td><td width=\"50%\"><p>FINALIDAD<\/p><\/td><td width=\"10%\"><p>PLAZO<\/p><\/td><td width=\"15%\"><p>OBSERVACIONES<\/p><\/td><\/tr><tr><td width=\"5%\"><p><strong>_gads<\/strong><\/p><\/td><td width=\"10%\"><p>Publicitaria<\/p><\/td><td width=\"10%\"><p>Google<\/p><\/td><td width=\"50%\"><p><em>Cookie <\/em>asociada al servicio de <em>Doubleclick.net <\/em>de Google para que el due\u00f1o pueda ganar cr\u00e9dito<\/p><\/td><td width=\"10%\"><p>1 a\u00f1o<\/p><\/td><td width=\"15%\"><p>Persistente<\/p><\/td><\/tr><tr><td width=\"5%\"><p><strong>_sonar<\/strong><\/p><\/td><td width=\"10%\"><p>Publicitaria<\/p><\/td><td width=\"10%\"><p>Doubleclick.net<\/p><\/td><td width=\"50%\"><p>Se utiliza para mejorar y orientar la publicidad seg\u00fan el contenido que es relevante para un usuario, mejorar los informes de rendimiento de la campa\u00f1a y evitar mostrar anuncios que el usuario ya haya visto <em>Doubleclick.net<\/em><\/p><\/td><td width=\"10%\"><p>1 a\u00f1o<\/p><\/td><td width=\"15%\"><p>Persistente<\/p><\/td><\/tr><tr><td width=\"5%\"><p><strong>_ncuid<\/strong><\/p><\/td><td width=\"10%\"><p>Publicitaria<\/p><\/td><td width=\"10%\"><p>Google<\/p><\/td><td width=\"50%\"><p>Se utiliza para medir el rendimiento de los anuncios y proporcionar recomendaciones relativas a productos basadas en datos estad\u00edsticos<\/p><\/td><td width=\"10%\"><p>6 meses<\/p><\/td><td width=\"15%\"><p>Persistente<\/p><\/td><\/tr><tr><td width=\"5%\"><p><strong>IDE<\/strong><\/p><\/td><td width=\"10%\"><p>Publicitaria<\/p><\/td><td width=\"10%\"><p>Doubleclick.net<\/p><\/td><td width=\"50%\"><p>Se utiliza para la focalizaci\u00f3n, optimizaci\u00f3n, presentaci\u00f3n de informes y atribuci\u00f3n de anuncios en l\u00ednea.<\/p><\/td><td width=\"10%\"><p>1 a\u00f1o<\/p><\/td><td width=\"15%\"><p>Persistente<\/p><\/td><\/tr><tr><td width=\"5%\"><p><strong>_conv_v<\/strong><br \/><strong>bt2<\/strong><br \/><strong>di2<\/strong><br \/><strong>dt<\/strong><br \/><strong>loc<\/strong><br \/><strong>ssc<\/strong><br \/><strong>ssh<\/strong><br \/><strong>ssshs<\/strong><br \/><strong>uid<\/strong><br \/><strong>um<\/strong><br \/><strong>uvc<\/strong><br \/><strong>vc<\/strong><\/p><\/td><td width=\"10%\"><p>Publicitaria<\/p><\/td><td width=\"10%\"><p>AddThis<\/p><\/td><td width=\"50%\"><p>Se utilizan para habilitar el contenido con el fin de ser compartido.<br \/>AddThis tambi\u00e9n se utiliza para recopilar informaci\u00f3n sobre c\u00f3mo se comparte contenido del sitio web<\/p><\/td><td width=\"10%\"><p>2 a\u00f1os, excepto:<br \/><br \/>_conv_v: 1 a\u00f1o,<br \/>bt2: 8 meses,<br \/>dt: 30 d\u00edas<\/p><\/td><td width=\"15%\"><p>Persistentes<\/p><\/td><\/tr><\/tbody><\/table><p>\u00a0<\/p><p>\u00a0<\/p><p>\u00a0<\/p><table width=\"100%\"><tbody><tr><td width=\"100%\"><p><strong>C\u00d3MO ELIMINAR LAS COOKIES DE LOS NAVEGADORES M\u00c1S COMUNES<\/strong><\/p><\/td><\/tr><\/tbody><\/table><table width=\"100%\"><tbody><tr><td width=\"15%\"><p><strong>Chrome<\/strong><\/p><\/td><td width=\"85%\"><p><a href=\"http:\/\/support.google.com\/chrome\/answer\/95647?hl=es\">http:\/\/support.google.com\/chrome\/answer\/95647?hl=es<\/a><\/p><\/td><\/tr><tr><td width=\"15%\"><p><strong>Edge<\/strong><\/p><\/td><td width=\"85%\"><p><a href=\"https:\/\/support.microsoft.com\/es-es\/microsoft-edge\/eliminar-las-cookies-en-microsoft-edge-63947406-40ac-c3b8-57b9-2a946a29ae09\">https:\/\/support.microsoft.com\/es-es\/microsoft-edge\/eliminar-las-cookies-en-microsoft-edge-63947406-40ac-c3b8-57b9-2a946a29ae09<\/a><\/p><\/td><\/tr><tr><td width=\"15%\"><p><strong>Explorer<\/strong><\/p><\/td><td width=\"85%\"><p><a href=\"https:\/\/support.microsoft.com\/es-es\/help\/278835\/how-to-delete-cookie-files-in-internet-explorer\">https:\/\/support.microsoft.com\/es-es\/help\/278835\/how-to-delete-cookie-files-in-internet-explorer<\/a><\/p><\/td><\/tr><tr><td width=\"15%\"><p><strong>Firefox <\/strong><\/p><\/td><td width=\"85%\"><p><a href=\"https:\/\/www.mozilla.org\/es-ES\/privacy\/websites\/#cookies\">https:\/\/www.mozilla.org\/es-ES\/privacy\/websites\/#cookies<\/a><\/p><\/td><\/tr><tr><td width=\"15%\"><p><strong>Safari<\/strong><\/p><\/td><td width=\"85%\"><p><a href=\"https:\/\/support.apple.com\/es-es\/guide\/safari\/sfri11471\/mac\">https:\/\/support.apple.com\/es-es\/guide\/safari\/sfri11471\/mac<\/a><\/p><\/td><\/tr><tr><td width=\"15%\"><p><strong>Opera<\/strong><\/p><\/td><td width=\"85%\"><p><a href=\"https:\/\/help.opera.com\/en\/latest\/security-and-privacy\/#clearBrowsingData\">https:\/\/help.opera.com\/en\/latest\/security-and-privacy\/#clearBrowsingData<\/a><\/p><\/td><\/tr><\/tbody><\/table><p>\u00a0<\/p>\t\t\t\t\t\t\t\t<\/div>\n\t\t\t\t\t<\/div>\n\t\t\t\t<\/div>\n\t\t\t\t<\/div>\n\t\t","protected":false},"excerpt":{"rendered":"<p>POL\u00cdTICA DE COOKIES ANAL\u00cdTICAS + PUBLICIDAD COMPORTAMENTAL \u00a0 INFORMACI\u00d3N SOBRE COOKIES Las cookies y otras tecnolog\u00edas similares tales como local shared objects, flash cookies o p\u00edxeles, son herramientas empleadas por los servidores Web para almacenar y recuperar informaci\u00f3n acerca de sus visitantes, as\u00ed como para ofrecer un correcto funcionamiento del sitio. Mediante el uso de [&hellip;]<\/p>\n","protected":false},"author":1,"featured_media":0,"parent":0,"menu_order":0,"comment_status":"closed","ping_status":"closed","template":"elementor_header_footer","meta":{"footnotes":""},"class_list":["post-9","page","type-page","status-publish","hentry"],"yoast_head":"<!-- This site is optimized with the Yoast SEO plugin v26.2 - https:\/\/yoast.com\/wordpress\/plugins\/seo\/ -->\n<title>Pol\u00edtica de Cookies - ganaderagarlo<\/title>\n<meta name=\"robots\" content=\"index, follow, max-snippet:-1, max-image-preview:large, max-video-preview:-1\" \/>\n<link rel=\"canonical\" href=\"https:\/\/ganaderagarlo.es\/?page_id=9\" \/>\n<meta property=\"og:locale\" content=\"es_ES\" \/>\n<meta property=\"og:type\" content=\"article\" \/>\n<meta property=\"og:title\" content=\"Pol\u00edtica de Cookies - ganaderagarlo\" \/>\n<meta property=\"og:description\" content=\"POL\u00cdTICA DE COOKIES ANAL\u00cdTICAS + PUBLICIDAD COMPORTAMENTAL \u00a0 INFORMACI\u00d3N SOBRE COOKIES Las cookies y otras tecnolog\u00edas similares tales como local shared objects, flash cookies o p\u00edxeles, son herramientas empleadas por los servidores Web para almacenar y recuperar informaci\u00f3n acerca de sus visitantes, as\u00ed como para ofrecer un correcto funcionamiento del sitio. Mediante el uso de [&hellip;]\" \/>\n<meta property=\"og:url\" content=\"https:\/\/ganaderagarlo.es\/?page_id=9\" \/>\n<meta property=\"og:site_name\" content=\"ganaderagarlo\" \/>\n<meta property=\"article:modified_time\" content=\"2025-11-03T12:20:05+00:00\" \/>\n<meta name=\"twitter:card\" content=\"summary_large_image\" \/>\n<meta name=\"twitter:label1\" content=\"Tiempo de lectura\" \/>\n\t<meta name=\"twitter:data1\" content=\"6 minutos\" \/>\n<script type=\"application\/ld+json\" class=\"yoast-schema-graph\">{\"@context\":\"https:\/\/schema.org\",\"@graph\":[{\"@type\":\"WebPage\",\"@id\":\"https:\/\/ganaderagarlo.es\/?page_id=9\",\"url\":\"https:\/\/ganaderagarlo.es\/?page_id=9\",\"name\":\"Pol\u00edtica de Cookies - ganaderagarlo\",\"isPartOf\":{\"@id\":\"https:\/\/ganaderagarlo.es\/#website\"},\"datePublished\":\"2025-10-29T08:21:04+00:00\",\"dateModified\":\"2025-11-03T12:20:05+00:00\",\"breadcrumb\":{\"@id\":\"https:\/\/ganaderagarlo.es\/?page_id=9#breadcrumb\"},\"inLanguage\":\"es\",\"potentialAction\":[{\"@type\":\"ReadAction\",\"target\":[\"https:\/\/ganaderagarlo.es\/?page_id=9\"]}]},{\"@type\":\"BreadcrumbList\",\"@id\":\"https:\/\/ganaderagarlo.es\/?page_id=9#breadcrumb\",\"itemListElement\":[{\"@type\":\"ListItem\",\"position\":1,\"name\":\"Portada\",\"item\":\"https:\/\/ganaderagarlo.es\/\"},{\"@type\":\"ListItem\",\"position\":2,\"name\":\"Pol\u00edtica de Cookies\"}]},{\"@type\":\"WebSite\",\"@id\":\"https:\/\/ganaderagarlo.es\/#website\",\"url\":\"https:\/\/ganaderagarlo.es\/\",\"name\":\"ganaderagarlo\",\"description\":\"\",\"publisher\":{\"@id\":\"https:\/\/ganaderagarlo.es\/#organization\"},\"potentialAction\":[{\"@type\":\"SearchAction\",\"target\":{\"@type\":\"EntryPoint\",\"urlTemplate\":\"https:\/\/ganaderagarlo.es\/?s={search_term_string}\"},\"query-input\":{\"@type\":\"PropertyValueSpecification\",\"valueRequired\":true,\"valueName\":\"search_term_string\"}}],\"inLanguage\":\"es\"},{\"@type\":\"Organization\",\"@id\":\"https:\/\/ganaderagarlo.es\/#organization\",\"name\":\"ganaderagarlo\",\"url\":\"https:\/\/ganaderagarlo.es\/\",\"logo\":{\"@type\":\"ImageObject\",\"inLanguage\":\"es\",\"@id\":\"https:\/\/ganaderagarlo.es\/#\/schema\/logo\/image\/\",\"url\":\"https:\/\/ganaderagarlo.es\/wp-content\/uploads\/2025\/10\/png_a5c5e0202c624c03a65edc9e0bbb119f-1.png\",\"contentUrl\":\"https:\/\/ganaderagarlo.es\/wp-content\/uploads\/2025\/10\/png_a5c5e0202c624c03a65edc9e0bbb119f-1.png\",\"width\":2363,\"height\":2363,\"caption\":\"ganaderagarlo\"},\"image\":{\"@id\":\"https:\/\/ganaderagarlo.es\/#\/schema\/logo\/image\/\"}}]}<\/script>\n<!-- \/ Yoast SEO plugin. -->","yoast_head_json":{"title":"Pol\u00edtica de Cookies - ganaderagarlo","robots":{"index":"index","follow":"follow","max-snippet":"max-snippet:-1","max-image-preview":"max-image-preview:large","max-video-preview":"max-video-preview:-1"},"canonical":"https:\/\/ganaderagarlo.es\/?page_id=9","og_locale":"es_ES","og_type":"article","og_title":"Pol\u00edtica de Cookies - ganaderagarlo","og_description":"POL\u00cdTICA DE COOKIES ANAL\u00cdTICAS + PUBLICIDAD COMPORTAMENTAL \u00a0 INFORMACI\u00d3N SOBRE COOKIES Las cookies y otras tecnolog\u00edas similares tales como local shared objects, flash cookies o p\u00edxeles, son herramientas empleadas por los servidores Web para almacenar y recuperar informaci\u00f3n acerca de sus visitantes, as\u00ed como para ofrecer un correcto funcionamiento del sitio. Mediante el uso de [&hellip;]","og_url":"https:\/\/ganaderagarlo.es\/?page_id=9","og_site_name":"ganaderagarlo","article_modified_time":"2025-11-03T12:20:05+00:00","twitter_card":"summary_large_image","twitter_misc":{"Tiempo de lectura":"6 minutos"},"schema":{"@context":"https:\/\/schema.org","@graph":[{"@type":"WebPage","@id":"https:\/\/ganaderagarlo.es\/?page_id=9","url":"https:\/\/ganaderagarlo.es\/?page_id=9","name":"Pol\u00edtica de Cookies - ganaderagarlo","isPartOf":{"@id":"https:\/\/ganaderagarlo.es\/#website"},"datePublished":"2025-10-29T08:21:04+00:00","dateModified":"2025-11-03T12:20:05+00:00","breadcrumb":{"@id":"https:\/\/ganaderagarlo.es\/?page_id=9#breadcrumb"},"inLanguage":"es","potentialAction":[{"@type":"ReadAction","target":["https:\/\/ganaderagarlo.es\/?page_id=9"]}]},{"@type":"BreadcrumbList","@id":"https:\/\/ganaderagarlo.es\/?page_id=9#breadcrumb","itemListElement":[{"@type":"ListItem","position":1,"name":"Portada","item":"https:\/\/ganaderagarlo.es\/"},{"@type":"ListItem","position":2,"name":"Pol\u00edtica de Cookies"}]},{"@type":"WebSite","@id":"https:\/\/ganaderagarlo.es\/#website","url":"https:\/\/ganaderagarlo.es\/","name":"ganaderagarlo","description":"","publisher":{"@id":"https:\/\/ganaderagarlo.es\/#organization"},"potentialAction":[{"@type":"SearchAction","target":{"@type":"EntryPoint","urlTemplate":"https:\/\/ganaderagarlo.es\/?s={search_term_string}"},"query-input":{"@type":"PropertyValueSpecification","valueRequired":true,"valueName":"search_term_string"}}],"inLanguage":"es"},{"@type":"Organization","@id":"https:\/\/ganaderagarlo.es\/#organization","name":"ganaderagarlo","url":"https:\/\/ganaderagarlo.es\/","logo":{"@type":"ImageObject","inLanguage":"es","@id":"https:\/\/ganaderagarlo.es\/#\/schema\/logo\/image\/","url":"https:\/\/ganaderagarlo.es\/wp-content\/uploads\/2025\/10\/png_a5c5e0202c624c03a65edc9e0bbb119f-1.png","contentUrl":"https:\/\/ganaderagarlo.es\/wp-content\/uploads\/2025\/10\/png_a5c5e0202c624c03a65edc9e0bbb119f-1.png","width":2363,"height":2363,"caption":"ganaderagarlo"},"image":{"@id":"https:\/\/ganaderagarlo.es\/#\/schema\/logo\/image\/"}}]}},"_links":{"self":[{"href":"https:\/\/ganaderagarlo.es\/index.php?rest_route=\/wp\/v2\/pages\/9","targetHints":{"allow":["GET"]}}],"collection":[{"href":"https:\/\/ganaderagarlo.es\/index.php?rest_route=\/wp\/v2\/pages"}],"about":[{"href":"https:\/\/ganaderagarlo.es\/index.php?rest_route=\/wp\/v2\/types\/page"}],"author":[{"embeddable":true,"href":"https:\/\/ganaderagarlo.es\/index.php?rest_route=\/wp\/v2\/users\/1"}],"replies":[{"embeddable":true,"href":"https:\/\/ganaderagarlo.es\/index.php?rest_route=%2Fwp%2Fv2%2Fcomments&post=9"}],"version-history":[{"count":3,"href":"https:\/\/ganaderagarlo.es\/index.php?rest_route=\/wp\/v2\/pages\/9\/revisions"}],"predecessor-version":[{"id":559,"href":"https:\/\/ganaderagarlo.es\/index.php?rest_route=\/wp\/v2\/pages\/9\/revisions\/559"}],"wp:attachment":[{"href":"https:\/\/ganaderagarlo.es\/index.php?rest_route=%2Fwp%2Fv2%2Fmedia&parent=9"}],"curies":[{"name":"wp","href":"https:\/\/api.w.org\/{rel}","templated":true}]}}